{"id":844,"date":"2024-06-11T17:52:44","date_gmt":"2024-06-11T17:52:44","guid":{"rendered":"http:\/\/blog.loestije-donswieler.de\/?page_id=844"},"modified":"2024-06-11T19:16:48","modified_gmt":"2024-06-11T19:16:48","slug":"datenschutzerklaerung","status":"publish","type":"page","link":"http:\/\/blog.loestije-donswieler.de\/?page_id=844","title":{"rendered":"Datenschutzerkl\u00e4rung"},"content":{"rendered":"<p><strong>1. Wer wir sind<\/strong><\/p>\n<p>Die Adresse unserer Website ist: http:\/\/blog.loestije-donswieler.de<\/p>\n<p><strong>2. Verantwortlicher f\u00fcr die Verarbeitung Ihrer Daten<\/strong><\/p>\n<p>Durch den Besuch unseres Internetauftritts werden personenbezogene Daten gem\u00e4\u00df den nachstehenden Hinweisen im Sinne der Datenschutzgrundverordnung (DSGVO) erhoben. Verantwortlicher gem. Artikel 13 Abs. 1 lit. a DSGVO f\u00fcr die Verarbeitung der so erhobenen Daten ist:<\/p>\n<p>KG L\u00f6stije Donswieler von 1984 e. V.<br \/>\nBernd Engels (Pr\u00e4sident)<br \/>\nFriedenstr. 4<br \/>\n50259 Pulheim<br \/>\nTel. 02234-2058385<br \/>\npraesident@loestije-donswieler.de<\/p>\n<p><strong><span style=\"font-size: 15px;\">3. Datenerhebung\/-speicherung und Zweck der Verwendung<\/span><\/strong><\/p>\n<p>Bereits der blo\u00dfe Besuch unserer Internetseite f\u00fchrt zu der Erhebung personenbezogener Daten. Dies liegt darin begr\u00fcndet, dass Ihr f\u00fcr den Besuch der Internetseite genutztes Endger\u00e4t an unseren Server oder Internetserviceprovider beim Besuch der Internetseite Daten \u00fcbermittelt. Hierbei handelt es sich in der Regel insbesondere um Informationen \u00fcber Ihre IP-Adresse von der der Zugriff erfolgt sowie Datum und Uhrzeit des Zugriffs. Dar\u00fcber hinaus werden Informationen \u00fcber Name und Adresse der auf unserer Internetseite abgerufenen Datei gesendet, den von Ihnen verwendeten Internetbrowser sowie ggf. das verwendete Betriebssystem und Ihren Internetdienstanbieter.<\/p>\n<p>\u00dcber die Erhebung der vorgenannten Daten erhalten Sie auf unserer Internetseite keine weiteren Hinweise. Die Daten werden automatisch f\u00fcr eine tempor\u00e4re Nutzung unserer Internetseite in einem sogenannten Logfile gespeichert. Der Grund und Zweck der Erhebung und Verarbeitung der genannten Daten liegt darin begr\u00fcndet, den Verbindungsaufbau zu unserer Internetseite sicherzustellen und Ihnen die schnellst- und bestm\u00f6gliche Nutzung zu erm\u00f6glichen. Dar\u00fcber hinaus dienen die erhobenen Daten uns dazu, Informationen dar\u00fcber zu erhalten, wie stabil und sicher der Besuch unserer Internetseite bei Verwendung verschiedener Betriebssysteme und Internetbrowser ist. Hierdurch wird es uns m\u00f6glich unseren Internetauftritt zunehmend zu verbessern und weiter zu entwickeln. Die Rechtsgrundlage f\u00fcr die Verarbeitung der erhobenen Daten ist Artikel 6 Abs. 1 S. 1 lit. f DSGVO. Aus den vorgenannten Gr\u00fcnden haben wir an der Erhebung der genannten Daten und Informationen ein berechtigtes Interesse. Wir nutzen die so erhobenen Daten nicht, um Informationen \u00fcber Ihre Identit\u00e4t und Anschrift zu erhalten.<\/p>\n<p><strong><span style=\"font-size: 15px;\">4. Weitergabe von personenbezogenen Daten<\/span><\/strong><\/p>\n<p>Eine Weitergabe der von uns gem\u00e4\u00df vorstehender Ziffer erhobenen personenbezogenen Daten an Dritte erfolgt nicht, sofern Sie in die Weitergabe Ihrer Daten nicht ausdr\u00fccklich eingewilligt haben (Artikel 6 Abs. 1 lit. a DSGVO) oder die Weitergabe der Daten zur Wahrung unserer berechtigten Interessen erforderlich ist (Artikel 6 Abs. 1 S. 1 lit. f DSGVO). Dar\u00fcber hinaus ist die Weitergabe Ihrer Daten auch ohne Ihre Einwilligung rechtm\u00e4\u00dfig, sofern eine gesetzliche Verpflichtung zur Weitergabe besteht (Artikel 6 Abs. 1 lit. c DSGVO) oder aber die Weitergabe der Daten f\u00fcr die Abwicklung des Vertragsverh\u00e4ltnisses mit Ihnen erforderlich und gesetzlich zul\u00e4ssig ist (Artikel 6 Abs. 1 lit. b DSGVO).<\/p>\n<p><strong>5. Welche personenbezogenen Daten wir sammeln und warum wir sie sammeln<\/strong><\/p>\n<p><strong>Kommentare<\/strong><br \/>\nWenn Besucher Kommentare auf der Website schreiben, sammeln wir die Daten, die im Kommentar-Formular angezeigt werden, au\u00dferdem die IP-Adresse des Besuchers und den User-Agent-String (damit wird der Browser identifiziert), um die Erkennung von Spam zu unterst\u00fctzen.<\/p>\n<p>Aus Ihrer E-Mail-Adresse kann eine anonymisierte Zeichenfolge erstellt (auch Hash genannt) und dem Gravatar-Dienst \u00fcbergeben werden, um zu pr\u00fcfen, ob Sie diesen benutzen. Die Datenschutzerkl\u00e4rung des Gravatar-Dienstes finden Sie hier: https:\/\/automattic.com\/privacy\/. Nachdem Ihr Kommentar freigegeben wurde, ist Ihr Profilbild \u00f6ffentlich im Kontext Ihres Kommentars sichtbar.<\/p>\n<p><strong>Medien<\/strong><br \/>\nWenn Sie ein registrierter Benutzer sind und Fotos auf diese Website laden, solltensie vermeiden, Fotos mit einem EXIF-GPS-Standort hochzuladen. Besucher dieser Website k\u00f6nnten Fotos, die auf dieser Website gespeichert sind, herunterladen und deren Standort-Informationen extrahieren.<\/p>\n<p><strong>Cookies<br \/>\n<\/strong>Wenn Sie einen Kommentar auf unserer Website schreiben, kann das eine Einwilligung sein, Ihren Namen, E-Mail-Adresse und Website in Cookies zu speichern. Dies ist eine Komfortfunktion, damit Sie nicht, wenn Sie einen weiteren Kommentar schreiben, all diese Daten erneut eingeben m\u00fcssen. Diese Cookies werden ein Jahr lang gespeichert.<\/p>\n<p>Falls Sie ein Konto haben und Sie sich auf dieser Website anmelden, werden wir ein tempor\u00e4res Cookie setzen, um festzustellen, ob Ihr Browser Cookies akzeptiert. Dieses Cookie enth\u00e4lt keine personenbezogenen Daten und wird verworfen, wenn Die Ihren Browser schlie\u00dfen.<\/p>\n<p>Wenn Sie sich anmelden, werden wir einige Cookies einrichten, um Ihre Anmeldeinformationen und Anzeigeoptionen zu speichern. Anmelde-Cookies verfallen nach zwei Tagen und Cookies f\u00fcr die Anzeigeoptionen nach einem Jahr. Falls Sie bei der Anmeldung \u201eAngemeldet bleiben\u201c ausw\u00e4hlen, wird Ihre Anmeldung zwei Wochen lang aufrechterhalten. Mit der Abmeldung aus Ihrem Konto werden die Anmelde-Cookies gel\u00f6scht.<\/p>\n<p>Wenn Sie einen Artikel bearbeiten oder ver\u00f6ffentlichen, wird ein zus\u00e4tzlicher Cookie in Ihrem Browser gespeichert. Dieser Cookie enth\u00e4lt keine personenbezogenen Daten und verweist nur auf die Beitrags-ID des Artikels, den Sie gerade bearbeitet haben. Der Cookie verf\u00e4llt nach einem Tag.<\/p>\n<p>Soweit die von uns durch das Setzen von Cookies erhobenen Daten verarbeitet werden, z. B. zur statistischen Auswertung, liegt die Verarbeitung wieder in unserem berechtigten Interesse und ist gedeckt von Artikel 6 Abs. 1 lit. f DSGVO. Wir weisen Sie darauf hin, dass Sie Ihren Internetbrowser in der Regel auch so konfigurieren k\u00f6nnen, dass auf Ihrem Endger\u00e4t keine Cookies gespeichert werden. Die Deaktivierung dieser Funktion kann jedoch zu einer eingeschr\u00e4nkten Nutzbarkeit unserer Internetseite fuhren. Dar\u00fcber hinaus haben Sie in der Regel auch die M\u00f6glichkeit \u00fcber die Einstellung Ihres Internetbrowsers s\u00e4mtliche gespeicherten Cookies manuell zu l\u00f6schen.<\/p>\n<p><strong>Eingebettete Inhalte von anderen Websites<\/strong><\/p>\n<p>Beitr\u00e4ge auf dieser Website k\u00f6nnen eingebettete Inhalte beinhalten (z.\u00a0B. Videos, Bilder, Beitr\u00e4ge etc.). Eingebettete Inhalte von anderen Websites verhalten sich exakt so, als ob der Besucher die andere Website besucht h\u00e4tte.<\/p>\n<p>Diese Websites k\u00f6nnen Daten \u00fcber Sie sammeln, Cookies benutzen, zus\u00e4tzliche Tracking-Dienste von Dritten einbetten und Ihre Interaktion mit diesem eingebetteten Inhalt aufzeichnen, inklusive Ihrer Interaktion mit dem eingebetteten Inhalt, falls Sie ein Konto haben und auf dieser Website angemeldet sind.<\/p>\n<p><strong>6. Mit wem wir Ihre Daten teilen,\u00a0Wie lange wir Ihre Daten speichern<\/strong><\/p>\n<p style=\"font-family: 'Helvetica Neue', Helvetica, Arial, sans-serif; font-style: normal;\"><strong>Analysedienste<\/strong><\/p>\n<p>Wenn Sie einen Kommentar schreiben, wird dieser inklusive Metadaten zeitlich unbegrenzt gespeichert. Auf diese Art k\u00f6nnen wir Folgekommentare automatisch erkennen und freigeben, anstelle sie in einer Moderations-Warteschlange festzuhalten. F\u00fcr Benutzer, die sich auf unserer Website registrieren, speichern wir zus\u00e4tzlich die pers\u00f6nlichen Informationen, die sie in ihren Benutzerprofilen angeben. Alle Benutzer k\u00f6nnen jederzeit ihre pers\u00f6nlichen Informationen einsehen, ver\u00e4ndern oder l\u00f6schen (der Benutzername kann nicht ver\u00e4ndert werden). Administratoren der Website k\u00f6nnen diese Informationen ebenfalls einsehen und ver\u00e4ndern.<\/p>\n<p>Wenn Sie ein Konto auf dieser Website besitzt oder Kommentare geschrieben haben, k\u00f6nnen Sie einen Export Ihrer personenbezogenen Daten bei uns anfordern, inklusive aller Daten, die Sie uns mitgeteilt haben. Dar\u00fcber hinaus k\u00f6nnen Sie die L\u00f6schung aller personenbezogenen Daten, die wir von Ihnen gespeichert haben, anfordern. Dies umfasst nicht die Daten, die wir aufgrund administrativer, rechtlicher oder sicherheitsrelevanter Notwendigkeiten aufbewahren m\u00fcssen.<\/p>\n<p>Besucher-Kommentare k\u00f6nnten von einem automatisierten Dienst zur Spam-Erkennung untersucht werden.<\/p>\n<p><strong><span style=\"font-size: 15px;\">7. Ihre Rechte als Betroffener<\/span><\/strong><\/p>\n<p>Soweit Sie Betroffener von der Datenerhebung, Datenspeicherung und Weiterverarbeitung der Daten sind, weisen wir ausdr\u00fccklich darauf hin, dass Ihnen nach der DSGVO umfassende Rechte zustehen. Dabei handelt es sich insbesondere um<\/p>\n<ul>\n<li>das umfassende Auskunftsrecht gem. Artikel 15 DSGVO<\/li>\n<li>das Recht auf Berichtigung der bei uns gespeicherten Daten gem. Artikel 16 DSGVO<\/li>\n<li>das Recht auf L\u00f6schung gem. Artikel 17 DSGVO (Recht auf vergessen werden) das Recht auf Einschr\u00e4nkung der Verarbeitung der personenbezogenen Daten gem. Artikel 18 DSGVO<\/li>\n<li>das Recht auf Mitteilung etwaiger Berichtigungen Ihrer personenbezogenen Daten an Dritte zu verlangen (Artikel 19 DSGVO). Dies erfasst auch das Recht die Mitteilung einer L\u00f6schung der personenbezogenen Daten an Dritte zu verlangen, an die die Daten weiter gegeben wurden.<\/li>\n<li>das Recht auf Daten\u00fcbertragbarkeit gem. Artikel 20 DSGVO, insbesondere das Recht die Sie betreffenden personenbezogenen Daten, die uns mitgeteilt worden sind, in einem strukturierten g\u00e4ngigen und maschinenlesbaren Format zu erhalten<\/li>\n<li>das Recht eine uns gegen\u00fcber erteilte Einwilligung zur Datenerhebung und Datenspeicherung uns gegen\u00fcber jederzeit zu widerrufen, was zur Folge hat, dass wir die Datenverarbeitung die auf dieser Einwilligung beruhte, f\u00fcr die Zukunft nicht mehr fortf\u00fchren d\u00fcrfen (Artikel 7 Abs. 3 DSGVO)<\/li>\n<li>im \u00dcbrigen sind sie berechtigt gem. Artikel 77 DSGVO Beschwerde bei einer Aufsichtsbeh\u00f6rde einzulegen, wozu Sie sich in der Regel an die Aufsichtsbeh\u00f6rde Ihres Wohnortes oder unseres Gesch\u00e4ftssitzes wenden k\u00f6nnen<\/li>\n<\/ul>\n<p><strong>8. Recht auf Widerspruch<\/strong><\/p>\n<p>Letztlich haben Sie gem\u00e4\u00df Artikel 21 DSGVO, f\u00fcr den Fall, dass wir Ihre personenbezogenen Daten aus Gr\u00fcnden unseres berechtigten Interesses gem. Artikel 6 Abs. 1 S. 1 lit. f DSGVO verarbeitet haben oder noch verarbeiten, Widerspruch gegen die Verarbeitung einzulegen. Dies erfordert Gr\u00fcnde, die sich aus Ihrer besonderen Situation ergeben (Artikel 21 Abs. 1 DSGVO) oder der Widerspruch richtet sich gegen Direktwerbung (Artikel 21 Abs. 2 DSGVO). Im zuletzt genannten Fall haben Sie ein Widerspruchsrecht, das ohne Angabe einer besonderen Situation von uns umzusetzen ist. Sofern Sie von Ihrem Widerrufs oder Widerspruchsrecht Gebrauch machen wollen gen\u00fcgt eine E-Mail an praesident@loestije-donswieler.de.<\/p>\n<p>Wir sind \u00e4u\u00dferst bem\u00fcht unseren Internetauftritt stets weiter zu entwickeln und hierbei alle technischen und organisatorisch m\u00f6glichen Sicherheitsma\u00dfnahmen zu treffen, um so st\u00e4ndig h\u00f6chst m\u00f6glichen Schutz Ihrer Daten, insbesondere gegen Zugriff durch Dritte zu gew\u00e4hrleisten.<\/p>\n<p><strong><span style=\"font-size: 15px;\">9. Aktualit\u00e4t\/\u00c4nderungen dieser Datenschutzerkl\u00e4rung<\/span><\/strong><\/p>\n<p>Diese Datenschutzerkl\u00e4rung ist auf dem Stand Mai 2018.<\/p>\n<p>Durch die st\u00e4ndige Weiterentwicklung unserer Internetseite oder aufgrund ge\u00e4nderter gesetzlicher Regelungen kann es ggf. erforderlich werden, auch diese Datenschutzerkl\u00e4rung zu \u00e4ndern bzw. anzupassen. Die aktuelle Datenschutzerkl\u00e4rung der KG L\u00f6stije Donswieler von 1984 e.V. kann stets auf unserer Internetseite unter dem dortigen Link \u201eDatenschutzerkl\u00e4rung\u201c abgerufen werden.<\/p>\n","protected":false},"excerpt":{"rendered":"<p>1. Wer wir sind Die Adresse unserer Website ist: http:\/\/blog.loestije-donswieler.de 2. Verantwortlicher f\u00fcr die Verarbeitung Ihrer Daten Durch den Besuch unseres Internetauftritts werden personenbezogene Daten gem\u00e4\u00df den nachstehenden Hinweisen im Sinne der Datenschutzgrundverordnung (DSGVO) erhoben. Verantwortlicher gem. Artikel 13 Abs. <a class=\"more-link\" href=\"http:\/\/blog.loestije-donswieler.de\/?page_id=844\"><span class=\"screen-reader-text\">  Datenschutzerkl\u00e4rung<\/span> weiterlesen<span class=\"meta-nav\">&rarr;<\/span><\/a><\/p>\n","protected":false},"author":1,"featured_media":0,"parent":147,"menu_order":-2,"comment_status":"closed","ping_status":"closed","template":"","meta":{"footnotes":""},"jetpack_sharing_enabled":true,"_links":{"self":[{"href":"http:\/\/blog.loestije-donswieler.de\/index.php?rest_route=\/wp\/v2\/pages\/844"}],"collection":[{"href":"http:\/\/blog.loestije-donswieler.de\/index.php?rest_route=\/wp\/v2\/pages"}],"about":[{"href":"http:\/\/blog.loestije-donswieler.de\/index.php?rest_route=\/wp\/v2\/types\/page"}],"author":[{"embeddable":true,"href":"http:\/\/blog.loestije-donswieler.de\/index.php?rest_route=\/wp\/v2\/users\/1"}],"replies":[{"embeddable":true,"href":"http:\/\/blog.loestije-donswieler.de\/index.php?rest_route=%2Fwp%2Fv2%2Fcomments&post=844"}],"version-history":[{"count":7,"href":"http:\/\/blog.loestije-donswieler.de\/index.php?rest_route=\/wp\/v2\/pages\/844\/revisions"}],"predecessor-version":[{"id":864,"href":"http:\/\/blog.loestije-donswieler.de\/index.php?rest_route=\/wp\/v2\/pages\/844\/revisions\/864"}],"up":[{"embeddable":true,"href":"http:\/\/blog.loestije-donswieler.de\/index.php?rest_route=\/wp\/v2\/pages\/147"}],"wp:attachment":[{"href":"http:\/\/blog.loestije-donswieler.de\/index.php?rest_route=%2Fwp%2Fv2%2Fmedia&parent=844"}],"curies":[{"name":"wp","href":"https:\/\/api.w.org\/{rel}","templated":true}]}}