{"id":530,"date":"2016-05-27T14:31:14","date_gmt":"2016-05-27T14:31:14","guid":{"rendered":"http:\/\/blog.loestije-donswieler.de\/?page_id=530"},"modified":"2024-04-29T22:04:32","modified_gmt":"2024-04-29T22:04:32","slug":"die-ersten-jahre","status":"publish","type":"page","link":"http:\/\/blog.loestije-donswieler.de\/?page_id=530","title":{"rendered":"Die ersten Jahre"},"content":{"rendered":"<p>Chronik der KG \u201cL\u00f6stije Donswieler\u201d &#8211; Teil 1<\/p>\n<p>Als das designierte Dreigestirn im Sp\u00e4tsommer 1984 die Organisation des Sitzungskarneval in Dansweiler \u00fcbernahm, war hiermit die Gr\u00fcndung eine Karnevalsgesellschaft schon vorprogrammiert Prinz Diethard Fey, Bauer Gerhard Zentschnig und Jungfrau Willy Lorscheidt und ihre Helfer waren der Meinung, wenn wir diese Session planen und durchf\u00fchren, warum nicht gleich eine Karnevalsgesellschaft gr\u00fcnden. So kam es am 30. Oktober 1984 mit acht weiteren Freunden zur Gr\u00fcndungsversammlung der heutigen Karnevalsgesellschaft \u201eL\u00f6stije Donswieler\u201c.<\/p>\n<p>Erster H\u00f6hepunkt der Session war am Samstag, 12.1.1985. Die Proklamation des 1. Dreigestirn der Gesellschaft im Saal des Vereinslokals Ruland \u2013 Bressin. Der Saal platzte aus allen N\u00e4hten. Die Begeisterung kannte keine Grenzen, als der Musikzug aus K\u00f6ln \u201eDie Domst\u00e4dter\u201c mit ca. 60 Personen in diesen kleinen Saal einmarschierten.<br \/>\nWir, die Organisatoren fieberten jedoch der langersehnten Mehrzweckhalle entgegen. Endlich \u2013 Ende Januar 1985 \u2013 war sie im Rohbau fertiggestellt und wurde von der Stadt Pulheim bereits f\u00fcr unsere karnevalistischen Veranstaltungen freigegeben. Mit einer Schar eifriger Mitstreiter wurde die \u201enackte Halle\u201c in einen sch\u00f6nen, schmucken Festsaal, den \u201eDansweiler G\u00fcrzenich\u201c verwandelt. Nicht zuletzt durch ein gekauftes B\u00fchnenbild und eine gestiftete Dekoration (die aus dem K\u00f6lner G\u00fcrzenich stammte). Somit konnte Ende Januar die erste Prunk- und Kindersitzung stattfinden. Die N\u00e4rrinnen und Narren in der ausverkauften Mehrzweckhalle waren begeistert.<\/p>\n<p>Nach dieser erfolgreichen Session hatte sich die Basis des Vereins gefestigt. Steigende Mitgliederzahlen waren die positive Folge. Die \u201eNeuen\u201c konnten sich in der Gesellschaft rasch integrieren. Das bei einer Karnevalsgesellschaft die interne Geselligkeit einen hohen Stellenwert hat, ist nat\u00fcrlich. So f\u00f6rdern Stammtischtreffen, jeden 1.Montag im Monat im Vereinslokal, Grillfeste oder Vereinsausfl\u00fcge sowie diverse Feten, das gute Miteinander und sorgen daf\u00fcr, dass der \u201eSpa\u00df an d\u2019r Freud\u2019\u201c nicht verloren geht.<\/p>\n<p>So kam es auch, dass f\u00fcr das 2. Dreigestirn der KG, sich einige Herren in den Kopf gesetzt hatten, einen eigenen Karnevalswagen zu bauen. An vielen Samstagen wurde die heutige KG-Kutsche dann gebaut. Leider fehlte aber ein Unterstellplatz! Da sich mittlerweile etliche Utensilien wie Deko f\u00fcr die Halle, B\u00fchnenbild etc. angesammelt hatten, brauchte man nun auch noch ein Dach f\u00fcr die Kutsche. Spontan stellten Willy und Marlene Lorscheidt ihre Landhaus Ville-Garage zur Verf\u00fcgung.<\/p>\n<p>Die ersten Jahre nach der Gr\u00fcndung leitete unser heutiger Ehren-Sitzungspr\u00e4sident K\u00f6bes Schumacher die Sitzungen. Seine besondere Art Sitzungen zu leiten begeisterte das Dansweiler Publikum. 1989 \u00fcbernahm dann der Senatspr\u00e4sident Hans-Gunter Brings den Posten des Sitzungspr\u00e4sidenten. Mit seinem trockenen Humor und seiner sonoren Stimme leitete er bis im Januar 2005 alle unsere Veranstaltungen. Unfassbar f\u00fcr uns alle verstarb er im Mai 2005.<\/p>\n<p>Neben dem Vorstand wird die Vereinst\u00e4tigkeit noch von dem \u201eaktiven Senat\u201c gepr\u00e4gt. Er gr\u00fcndete sich 1986 und versteht sich als F\u00f6rderkreis des Vereins. Dieser Senat erleichtert der Gesellschaft die Arbeit, indem er die wirtschaftlichen Risiken minimiert und manche Entscheidung dadurch positiv beeinflusst.<\/p>\n<p>Um eine erfolgreiche Vereinsarbeit leisten zu k\u00f6nnen, ist die Gesellschaft seit Anfang an offen f\u00fcr eine Kooperation mit anderen Vereinen und Gruppen eingetreten. Beim gemeinschaftlichen Lindenplatzfest aller Vereine, sind auch die \u201eL\u00f6stijen\u201c mit ihrem Sekt- und Weinstand nicht mehr wegzudenken. Ebenso ist es f\u00fcr die Gesellschaft selbstverst\u00e4ndlich, bei den ortsans\u00e4ssigen Vereinen, bei deren eigenen Veranstaltungen, sich zum Arbeiten zur Verf\u00fcgung zu stellen. Diese Hilfe wird den \u201eL\u00f6stijen\u201c auch von anderen Vereinen entgegengebracht. Schon lange wird in Dansweiler ein Miteinander praktiziert. Das ist erfreulich und notwendig, denn nur so kann man gemeinschaftlich das Brauchtum aufrecht erhalten. Die Karnevalsgesellschaft \u201eL\u00f6stije Donswieler\u201c geh\u00f6rt seit Bestehen dem heutigen Festkomitee Pulheimer Karneval an und sie ist Mitglied im Bund Deutscher Karneval und dem hier zust\u00e4ndigen Regionalverband Rhein- Erft.<\/p>\n<p>In der Session 1994\/1995 feierten wir bereits unser erstes Jubil\u00e4um mit einem Jazz-Fr\u00fchschoppen im MGV-S\u00e4ngerheim. Wer h\u00e4tte das gedacht, 11 Jahre eine Karnevalsgesellschaft im kleinen Ort Dansweiler und dazu schon das 5. Dreigestirn in der Geschichte des Vereins. Mit einer Reise nach Prag beschlossen wir dieses Jubil\u00e4umsjahr.<\/p>\n<p>Im gleichen Jahr musste sich die KG eine neue Bleibe f\u00fcr ihren Fundus und die KG-Kutsche suchen. Es wurde ein B\u00fcro-Container angeschafft, wobei die Stadt uns erlaubte, ihn auf st\u00e4dtisches Grundst\u00fcck zu setzen. F\u00fcr den Karnevalswagen wurde ein Unterstellplatz gemietet, wo er bis heute steht.<\/p>\n<p>Wenn wir Ihr Interesse mit diesem kurzen Einblick geweckt haben, das Brauchtum Karneval oder auch Geselligkeit zu pflegen, dann w\u00fcrden wir uns \u00fcber einen Besuch auf unseren Veranstaltungen freuen.<\/p>\n\n\n<hr class=\"wp-block-separator has-alpha-channel-opacity\"\/>\n\n\n\n<p class=\"has-medium-gray-color has-text-color has-link-color wp-elements-5040ed5b26983c31fc1ee1c36141973a\">Text: Marlene Lorscheidt<\/p>\n","protected":false},"excerpt":{"rendered":"<p>Chronik der KG \u201cL\u00f6stije Donswieler\u201d &#8211; Teil 1 Als das designierte Dreigestirn im Sp\u00e4tsommer 1984 die Organisation des Sitzungskarneval in Dansweiler \u00fcbernahm, war hiermit die Gr\u00fcndung eine Karnevalsgesellschaft schon vorprogrammiert Prinz Diethard Fey, Bauer Gerhard Zentschnig und Jungfrau Willy Lorscheidt <a class=\"more-link\" href=\"http:\/\/blog.loestije-donswieler.de\/?page_id=530\"><span class=\"screen-reader-text\">  Die ersten Jahre<\/span> weiterlesen<span class=\"meta-nav\">&rarr;<\/span><\/a><\/p>\n","protected":false},"author":1,"featured_media":0,"parent":19,"menu_order":0,"comment_status":"closed","ping_status":"closed","template":"","meta":{"footnotes":""},"jetpack_sharing_enabled":true,"_links":{"self":[{"href":"http:\/\/blog.loestije-donswieler.de\/index.php?rest_route=\/wp\/v2\/pages\/530"}],"collection":[{"href":"http:\/\/blog.loestije-donswieler.de\/index.php?rest_route=\/wp\/v2\/pages"}],"about":[{"href":"http:\/\/blog.loestije-donswieler.de\/index.php?rest_route=\/wp\/v2\/types\/page"}],"author":[{"embeddable":true,"href":"http:\/\/blog.loestije-donswieler.de\/index.php?rest_route=\/wp\/v2\/users\/1"}],"replies":[{"embeddable":true,"href":"http:\/\/blog.loestije-donswieler.de\/index.php?rest_route=%2Fwp%2Fv2%2Fcomments&post=530"}],"version-history":[{"count":4,"href":"http:\/\/blog.loestije-donswieler.de\/index.php?rest_route=\/wp\/v2\/pages\/530\/revisions"}],"predecessor-version":[{"id":1152,"href":"http:\/\/blog.loestije-donswieler.de\/index.php?rest_route=\/wp\/v2\/pages\/530\/revisions\/1152"}],"up":[{"embeddable":true,"href":"http:\/\/blog.loestije-donswieler.de\/index.php?rest_route=\/wp\/v2\/pages\/19"}],"wp:attachment":[{"href":"http:\/\/blog.loestije-donswieler.de\/index.php?rest_route=%2Fwp%2Fv2%2Fmedia&parent=530"}],"curies":[{"name":"wp","href":"https:\/\/api.w.org\/{rel}","templated":true}]}}