{"id":27,"date":"2016-05-09T11:26:54","date_gmt":"2016-05-09T11:26:54","guid":{"rendered":"http:\/\/blog.loestije-donswieler.de\/?page_id=27"},"modified":"2025-05-26T08:14:54","modified_gmt":"2025-05-26T06:14:54","slug":"vorstand","status":"publish","type":"page","link":"http:\/\/blog.loestije-donswieler.de\/?page_id=27","title":{"rendered":"Vorstand"},"content":{"rendered":"<h4 class=\"Normal\" style=\"text-align: center;\"><\/h4>\n<h6><img loading=\"lazy\" decoding=\"async\" class=\"alignright size-full wp-image-1246\" src=\"http:\/\/blog.loestije-donswieler.de\/wp-content\/uploads\/2024\/10\/Prae.jpg\" alt=\"\" width=\"1600\" height=\"1264\" srcset=\"http:\/\/blog.loestije-donswieler.de\/wp-content\/uploads\/2024\/10\/Prae.jpg 1600w, http:\/\/blog.loestije-donswieler.de\/wp-content\/uploads\/2024\/10\/Prae-300x237.jpg 300w, http:\/\/blog.loestije-donswieler.de\/wp-content\/uploads\/2024\/10\/Prae-1024x809.jpg 1024w, http:\/\/blog.loestije-donswieler.de\/wp-content\/uploads\/2024\/10\/Prae-768x607.jpg 768w, http:\/\/blog.loestije-donswieler.de\/wp-content\/uploads\/2024\/10\/Prae-1536x1213.jpg 1536w\" sizes=\"(max-width: 1600px) 100vw, 1600px\" \/><\/h6>\n<h6 style=\"text-align: center;\"><strong>Pr\u00e4sident<\/strong><\/h6>\n<p style=\"text-align: center;\">Bernd Engels<\/p>\n<h6><img loading=\"lazy\" decoding=\"async\" class=\"alignright size-full wp-image-1247\" src=\"http:\/\/blog.loestije-donswieler.de\/wp-content\/uploads\/2024\/10\/Schriftf.jpg\" alt=\"\" width=\"1600\" height=\"1535\" srcset=\"http:\/\/blog.loestije-donswieler.de\/wp-content\/uploads\/2024\/10\/Schriftf.jpg 1600w, http:\/\/blog.loestije-donswieler.de\/wp-content\/uploads\/2024\/10\/Schriftf-300x288.jpg 300w, http:\/\/blog.loestije-donswieler.de\/wp-content\/uploads\/2024\/10\/Schriftf-1024x982.jpg 1024w, http:\/\/blog.loestije-donswieler.de\/wp-content\/uploads\/2024\/10\/Schriftf-768x737.jpg 768w, http:\/\/blog.loestije-donswieler.de\/wp-content\/uploads\/2024\/10\/Schriftf-1536x1474.jpg 1536w\" sizes=\"(max-width: 1600px) 100vw, 1600px\" \/><\/h6>\n<h6 style=\"text-align: center;\"><strong>Schriftf\u00fchrerin<\/strong><\/h6>\n<p style=\"text-align: center;\">Natalie Schubert<\/p>\n<h6><img loading=\"lazy\" decoding=\"async\" class=\"alignright size-full wp-image-1248\" src=\"http:\/\/blog.loestije-donswieler.de\/wp-content\/uploads\/2024\/10\/Schatz.jpg\" alt=\"\" width=\"1562\" height=\"1600\" srcset=\"http:\/\/blog.loestije-donswieler.de\/wp-content\/uploads\/2024\/10\/Schatz.jpg 1562w, http:\/\/blog.loestije-donswieler.de\/wp-content\/uploads\/2024\/10\/Schatz-293x300.jpg 293w, http:\/\/blog.loestije-donswieler.de\/wp-content\/uploads\/2024\/10\/Schatz-1000x1024.jpg 1000w, http:\/\/blog.loestije-donswieler.de\/wp-content\/uploads\/2024\/10\/Schatz-768x787.jpg 768w, http:\/\/blog.loestije-donswieler.de\/wp-content\/uploads\/2024\/10\/Schatz-1500x1536.jpg 1500w\" sizes=\"(max-width: 1562px) 100vw, 1562px\" \/><\/h6>\n<h6 style=\"text-align: center;\"><strong>Schatzmeister<\/strong><\/h6>\n<p style=\"text-align: center;\">Dirk Zimmermann<\/p>\n<h6><\/h6>\n<h6 style=\"text-align: center;\"><strong>Gesch\u00e4ftsf\u00fchrer<\/strong><\/h6>\n<p style=\"text-align: center;\">Marcel Burtscheidt<\/p>\n<p style=\"text-align: center;\"><em>(Foto folgt)<\/em><\/p>\n<hr \/>\n<h4 style=\"text-align: center;\">Erweiterter Vorstand<\/h4>\n<h6 style=\"text-align: center;\"><strong>Literat<\/strong><\/h6>\n<p style=\"text-align: center;\">Markus Schubert<\/p>\n<h6 style=\"text-align: center;\"><strong>Technischer Leiter<\/strong><\/h6>\n<p style=\"text-align: center;\">Frank Br\u00f6se<\/p>\n<h6 style=\"text-align: center;\"><strong>Zeugwart<\/strong><\/h6>\n<p style=\"text-align: center;\">Frank Flohr<\/p>\n<h6 style=\"text-align: center;\"><strong>Pressesprecher<\/strong><\/h6>\n<p style=\"text-align: center;\">Achim Jakumeit<\/p>\n<h6 style=\"text-align: center;\"><strong>Internet<\/strong><\/h6>\n<p style=\"text-align: center;\">Marcel Burtscheidt<\/p>\n<p style=\"text-align: center;\"><strong>Werbung<\/strong><br \/>\nBernd Engels<\/p>\n","protected":false},"excerpt":{"rendered":"<p>Pr\u00e4sident Bernd Engels Schriftf\u00fchrerin Natalie Schubert Schatzmeister Dirk Zimmermann Gesch\u00e4ftsf\u00fchrer Marcel Burtscheidt (Foto folgt) Erweiterter Vorstand Literat Markus Schubert Technischer Leiter Frank Br\u00f6se Zeugwart Frank Flohr Pressesprecher Achim Jakumeit Internet Marcel Burtscheidt Werbung Bernd Engels<\/p>\n","protected":false},"author":1,"featured_media":0,"parent":19,"menu_order":0,"comment_status":"closed","ping_status":"closed","template":"","meta":{"footnotes":""},"jetpack_sharing_enabled":true,"_links":{"self":[{"href":"http:\/\/blog.loestije-donswieler.de\/index.php?rest_route=\/wp\/v2\/pages\/27"}],"collection":[{"href":"http:\/\/blog.loestije-donswieler.de\/index.php?rest_route=\/wp\/v2\/pages"}],"about":[{"href":"http:\/\/blog.loestije-donswieler.de\/index.php?rest_route=\/wp\/v2\/types\/page"}],"author":[{"embeddable":true,"href":"http:\/\/blog.loestije-donswieler.de\/index.php?rest_route=\/wp\/v2\/users\/1"}],"replies":[{"embeddable":true,"href":"http:\/\/blog.loestije-donswieler.de\/index.php?rest_route=%2Fwp%2Fv2%2Fcomments&post=27"}],"version-history":[{"count":12,"href":"http:\/\/blog.loestije-donswieler.de\/index.php?rest_route=\/wp\/v2\/pages\/27\/revisions"}],"predecessor-version":[{"id":1306,"href":"http:\/\/blog.loestije-donswieler.de\/index.php?rest_route=\/wp\/v2\/pages\/27\/revisions\/1306"}],"up":[{"embeddable":true,"href":"http:\/\/blog.loestije-donswieler.de\/index.php?rest_route=\/wp\/v2\/pages\/19"}],"wp:attachment":[{"href":"http:\/\/blog.loestije-donswieler.de\/index.php?rest_route=%2Fwp%2Fv2%2Fmedia&parent=27"}],"curies":[{"name":"wp","href":"https:\/\/api.w.org\/{rel}","templated":true}]}}