{"id":239,"date":"2016-05-10T17:23:18","date_gmt":"2016-05-10T17:23:18","guid":{"rendered":"http:\/\/blog.loestije-donswieler.de\/?page_id=239"},"modified":"2026-01-26T12:47:25","modified_gmt":"2026-01-26T11:47:25","slug":"impressum","status":"publish","type":"page","link":"http:\/\/blog.loestije-donswieler.de\/?page_id=239","title":{"rendered":"Impressum"},"content":{"rendered":"<hr \/>\n<p>Verantwortlich f\u00fcr den Inhalt:<\/p>\n<p>KG L\u00f6stije Donswieler von 1984 e.V.<br \/>\nFriedenstr. 4<br \/>\n50259 Pulheim<br \/>\nTel. 02234-2058385<br \/>\ninfo@loestije-donswieler.de<\/p>\n<p>Copyright<br \/>\nDer Inhalt unserer Homepage ist urheberrechtlich gesch\u00fctzt. Alle Rechte vorbehalten. Text, Textteile, Bilder und Grafiken sowie deren Anordnung auf dieser Website unterliegen dem Schutz des Urheberrechts und anderer Schutzgesetze.<\/p>\n<p>Haftung<br \/>\nDiese Website wurde mit gr\u00f6\u00dfter Sorgfalt zusammengestellt. Trotzdem kann keine Gew\u00e4hr f\u00fcr die Fehlerfreiheit und Genauigkeit der enthaltenden Informationen \u00fcbernommen werden. Jegliche Haftung f\u00fcr Sch\u00e4den, die direkt oder indirekt aus der Benutzung dieser Website entstehen, wird ausgeschlossen, soweit diese nicht auf Vorsatz oder grober Fahrl\u00e4ssigkeit beruhen. Sofern von dieser Website auf Internetseiten verwiesen wird, die von Dritten betrieben werden, \u00fcbernehmen wir keine Verantwortung f\u00fcr deren Inhalte.<\/p>\n<p>Webmaster: Marcel Burtscheidt<\/p>\n","protected":false},"excerpt":{"rendered":"<p>Verantwortlich f\u00fcr den Inhalt: KG L\u00f6stije Donswieler von 1984 e.V. Friedenstr. 4 50259 Pulheim Tel. 02234-2058385 info@loestije-donswieler.de Copyright Der Inhalt unserer Homepage ist urheberrechtlich gesch\u00fctzt. Alle Rechte vorbehalten. Text, Textteile, Bilder und Grafiken sowie deren Anordnung auf dieser Website unterliegen <a class=\"more-link\" href=\"http:\/\/blog.loestije-donswieler.de\/?page_id=239\"><span class=\"screen-reader-text\">  Impressum<\/span> weiterlesen<span class=\"meta-nav\">&rarr;<\/span><\/a><\/p>\n","protected":false},"author":1,"featured_media":0,"parent":147,"menu_order":-1,"comment_status":"closed","ping_status":"closed","template":"","meta":{"footnotes":""},"jetpack_sharing_enabled":true,"_links":{"self":[{"href":"http:\/\/blog.loestije-donswieler.de\/index.php?rest_route=\/wp\/v2\/pages\/239"}],"collection":[{"href":"http:\/\/blog.loestije-donswieler.de\/index.php?rest_route=\/wp\/v2\/pages"}],"about":[{"href":"http:\/\/blog.loestije-donswieler.de\/index.php?rest_route=\/wp\/v2\/types\/page"}],"author":[{"embeddable":true,"href":"http:\/\/blog.loestije-donswieler.de\/index.php?rest_route=\/wp\/v2\/users\/1"}],"replies":[{"embeddable":true,"href":"http:\/\/blog.loestije-donswieler.de\/index.php?rest_route=%2Fwp%2Fv2%2Fcomments&post=239"}],"version-history":[{"count":2,"href":"http:\/\/blog.loestije-donswieler.de\/index.php?rest_route=\/wp\/v2\/pages\/239\/revisions"}],"predecessor-version":[{"id":1323,"href":"http:\/\/blog.loestije-donswieler.de\/index.php?rest_route=\/wp\/v2\/pages\/239\/revisions\/1323"}],"up":[{"embeddable":true,"href":"http:\/\/blog.loestije-donswieler.de\/index.php?rest_route=\/wp\/v2\/pages\/147"}],"wp:attachment":[{"href":"http:\/\/blog.loestije-donswieler.de\/index.php?rest_route=%2Fwp%2Fv2%2Fmedia&parent=239"}],"curies":[{"name":"wp","href":"https:\/\/api.w.org\/{rel}","templated":true}]}}