{"id":19,"date":"2016-05-09T11:26:20","date_gmt":"2016-05-09T11:26:20","guid":{"rendered":"http:\/\/blog.loestije-donswieler.de\/?page_id=19"},"modified":"2016-05-10T17:19:36","modified_gmt":"2016-05-10T17:19:36","slug":"verein","status":"publish","type":"page","link":"http:\/\/blog.loestije-donswieler.de\/?page_id=19","title":{"rendered":"Verein"},"content":{"rendered":"<p>&nbsp;<\/p>\n<hr \/>\n<p>Die L\u00f6stijen Donswieler k\u00f6nnen auf eine \u00fcber 30 j\u00e4hrige Tradition zur\u00fcckblicken.<br \/>\n135 Mitglieder z\u00e4hlt der Verein mittlerweile.<\/p>\n<p>Von Anbeginn sind wir eine Familiengesellschaft, wo die ganze Familie herzlich willkommen ist. Gro\u00df und Klein stehen f\u00fcr die Erhaltung des Dansweiler Brauchtums Karneval und den Rheinischen Fasteleer. \u201eKinder sind unsere Zukunft\u201c und unter diesem Motto veranstalten wir seit 25 Jahren die beliebte Kinder-Karnevals-Fete in der Mehrzweckhalle.<\/p>\n<p>Selbstverst\u00e4ndlich organisieren wir noch viele andere Veranstaltungen, z.B. den j\u00e4hrlichen Kost\u00fcm-Sitzungsball, die Er\u00f6fffnung des Stra\u00dfenkarnevals an Weiberfastnacht sowie das Fr\u00fchlingsfest f\u00fcr alle B\u00fcrger und B\u00fcrgerinnen in Kooperation mit der Dansweiler Ortsgemeinschaft.<\/p>\n<p>Ein Highlight ist allj\u00e4hrlich der Beginn der f\u00fcnften Jahreszeit, denn dann hei\u00dft es<br \/>\nSessionser\u00f6ffnung. Diese wird von Aktiven aus den eigenen Reihen gestaltet und erfreut sich einer gro\u00dfen Beliebtheit unter den Mitgliedern und deren Freunden und Bekannten.<\/p>\n<p>Die Mitwirkung bei der Danseiler Kirmes z.B. die Zacheiesverbrennung sowie der Dansweiler Karnevalsumzug sind ebenso selbstverst\u00e4ndlich, wie auch die anderen au\u00dferkarnevalistischen Veranstaltungen der KG. Grillfeste oder Ausfl\u00fcge f\u00fcr die ganze KG-Familie finden j\u00e4hrlich statt und erfreuen sich gro\u00dfen Zuspruchs.<\/p>\n<p>Monatlich finden jeweils am 1. Montag im Monat die beliebten Stammtischabende im Vereinslokal Ruland\u2019s Zehnhof statt. Hier trifft man sich zum geselligen Beisammensein. Zum Lachen, Kennenlernen oder Diskutieren oder einfach nur so, um miteinander Freude und Entspannung vom Alltag zu haben.<\/p>\n<p>Die \u201eL\u00f6stijen Donswieler\u201c setzen bereits seit Jahren neue Akzente in ihren Veranstaltungen sowie in der Vereinsstruktur, was vor allen Dingen von der j\u00fcngeren Generation begr\u00fc\u00dft wird.<\/p>\n<p>So konnte auch in der Session 2010\/2011 erstmals ein Kinder-Dreigestirn aus den eigenen Reihen gestellt werden, welches die Herzen der G\u00e4ste aus nah und fern im Handumdrehn f\u00fcr sich gewonnen hat.<\/p>\n<p>Wenn wir Ihr Interesse mit diesem kurzen Einblick geweckt haben, das Brauchtum Karneval oder auch Geselligkeit zu pflegen, dann w\u00fcrden wir uns \u00fcber einen Besuch auf unseren Veranstaltungen freuen.<\/p>\n","protected":false},"excerpt":{"rendered":"<p>&nbsp; Die L\u00f6stijen Donswieler k\u00f6nnen auf eine \u00fcber 30 j\u00e4hrige Tradition zur\u00fcckblicken. 135 Mitglieder z\u00e4hlt der Verein mittlerweile. Von Anbeginn sind wir eine Familiengesellschaft, wo die ganze Familie herzlich willkommen ist. Gro\u00df und Klein stehen f\u00fcr die Erhaltung des Dansweiler <a class=\"more-link\" href=\"http:\/\/blog.loestije-donswieler.de\/?page_id=19\"><span class=\"screen-reader-text\">  Verein<\/span> weiterlesen<span class=\"meta-nav\">&rarr;<\/span><\/a><\/p>\n","protected":false},"author":1,"featured_media":0,"parent":0,"menu_order":0,"comment_status":"closed","ping_status":"closed","template":"","meta":{"footnotes":""},"jetpack_sharing_enabled":true,"_links":{"self":[{"href":"http:\/\/blog.loestije-donswieler.de\/index.php?rest_route=\/wp\/v2\/pages\/19"}],"collection":[{"href":"http:\/\/blog.loestije-donswieler.de\/index.php?rest_route=\/wp\/v2\/pages"}],"about":[{"href":"http:\/\/blog.loestije-donswieler.de\/index.php?rest_route=\/wp\/v2\/types\/page"}],"author":[{"embeddable":true,"href":"http:\/\/blog.loestije-donswieler.de\/index.php?rest_route=\/wp\/v2\/users\/1"}],"replies":[{"embeddable":true,"href":"http:\/\/blog.loestije-donswieler.de\/index.php?rest_route=%2Fwp%2Fv2%2Fcomments&post=19"}],"version-history":[{"count":6,"href":"http:\/\/blog.loestije-donswieler.de\/index.php?rest_route=\/wp\/v2\/pages\/19\/revisions"}],"predecessor-version":[{"id":234,"href":"http:\/\/blog.loestije-donswieler.de\/index.php?rest_route=\/wp\/v2\/pages\/19\/revisions\/234"}],"wp:attachment":[{"href":"http:\/\/blog.loestije-donswieler.de\/index.php?rest_route=%2Fwp%2Fv2%2Fmedia&parent=19"}],"curies":[{"name":"wp","href":"https:\/\/api.w.org\/{rel}","templated":true}]}}