{"id":15,"date":"2016-05-09T11:25:52","date_gmt":"2016-05-09T11:25:52","guid":{"rendered":"http:\/\/blog.loestije-donswieler.de\/?page_id=15"},"modified":"2025-05-26T08:06:26","modified_gmt":"2025-05-26T06:06:26","slug":"termine","status":"publish","type":"page","link":"http:\/\/blog.loestije-donswieler.de\/?page_id=15","title":{"rendered":"Termine"},"content":{"rendered":"<h4>&#8230;von und mit den L\u00f6stijen Donswielern<\/h4>\n<p><strong><span class=\"\" style=\"display:block;clear:both;height: 0px;padding-top: 20px;border-top-width:0px;border-bottom-width:0px;\"><\/span><\/strong><\/p>\n\n\n<p><strong>13.09.2025<\/strong> Sommerfest KG L\u00f6stije (nur f\u00fcr Mitglieder)<br><br><strong>15.11.2025<\/strong> Sessionser\u00f6ffnung, Saal Ruland \u0301s Zehnthof<br><br><strong>10.12.2025<\/strong> Weihnachtsliledersingen am Dansweiler Tannenbaum<br><br><strong>10.01.2026<\/strong> Kost\u00fcmsitzung, Turnhalle Wolfhelmschule<br><br><strong>11.01.2026<\/strong> Kinderfete, Turnhalle Wolfhelmschule<\/p>\n","protected":false},"excerpt":{"rendered":"<p>&#8230;von und mit den L\u00f6stijen Donswielern 13.09.2025 Sommerfest KG L\u00f6stije (nur f\u00fcr Mitglieder) 15.11.2025 Sessionser\u00f6ffnung, Saal Ruland \u0301s Zehnthof 10.12.2025 Weihnachtsliledersingen am Dansweiler Tannenbaum 10.01.2026 Kost\u00fcmsitzung, Turnhalle Wolfhelmschule 11.01.2026 Kinderfete, Turnhalle Wolfhelmschule<\/p>\n","protected":false},"author":1,"featured_media":0,"parent":0,"menu_order":0,"comment_status":"closed","ping_status":"closed","template":"","meta":{"footnotes":""},"jetpack_sharing_enabled":true,"_links":{"self":[{"href":"http:\/\/blog.loestije-donswieler.de\/index.php?rest_route=\/wp\/v2\/pages\/15"}],"collection":[{"href":"http:\/\/blog.loestije-donswieler.de\/index.php?rest_route=\/wp\/v2\/pages"}],"about":[{"href":"http:\/\/blog.loestije-donswieler.de\/index.php?rest_route=\/wp\/v2\/types\/page"}],"author":[{"embeddable":true,"href":"http:\/\/blog.loestije-donswieler.de\/index.php?rest_route=\/wp\/v2\/users\/1"}],"replies":[{"embeddable":true,"href":"http:\/\/blog.loestije-donswieler.de\/index.php?rest_route=%2Fwp%2Fv2%2Fcomments&post=15"}],"version-history":[{"count":27,"href":"http:\/\/blog.loestije-donswieler.de\/index.php?rest_route=\/wp\/v2\/pages\/15\/revisions"}],"predecessor-version":[{"id":1304,"href":"http:\/\/blog.loestije-donswieler.de\/index.php?rest_route=\/wp\/v2\/pages\/15\/revisions\/1304"}],"wp:attachment":[{"href":"http:\/\/blog.loestije-donswieler.de\/index.php?rest_route=%2Fwp%2Fv2%2Fmedia&parent=15"}],"curies":[{"name":"wp","href":"https:\/\/api.w.org\/{rel}","templated":true}]}}