{"id":147,"date":"2016-05-10T11:26:26","date_gmt":"2016-05-10T11:26:26","guid":{"rendered":"http:\/\/blog.loestije-donswieler.de\/?page_id=147"},"modified":"2025-08-13T13:10:06","modified_gmt":"2025-08-13T11:10:06","slug":"kontakt","status":"publish","type":"page","link":"http:\/\/blog.loestije-donswieler.de\/?page_id=147","title":{"rendered":"Kontakt"},"content":{"rendered":"<hr \/>\n<p class=\"DefaultParagraph\"><strong><span class=\"C-5\">Gesch\u00e4ftsstelle<br \/>\n<\/span><\/strong><span class=\"C-6\"><strong>KG L\u00f6stije Donswieler von 1984 e.V.<\/strong><br \/>\n<\/span><span class=\"C-6\">Friedenstr. 4<br \/>\n<\/span><span class=\"C-6\">50259 Pulheim<br \/>\n<\/span><span class=\"C-6\">Tel. 02234-2058385<br \/>\n<\/span>info@loestije-donswieler.de<\/p>\n<p><strong>Pr\u00e4sident<\/strong><br \/>\nBernd Engels<br \/>\npraesident@loestije-donswieler.de<\/p>\n<p><strong>Gesch\u00e4ftsf\u00fchrer<\/strong><br \/>\nMarcel Burtscheidt<br \/>\ngeschaeftsfuehrer@loestije-donswieler.de<\/p>\n<p><strong>Schriftf\u00fchrerin<\/strong><br \/>\nNatalie Schubert<br \/>\nschriftfuehrer@loestije-donswieler.de<\/p>\n<p><strong>Schatzmeister<\/strong><br \/>\nDirk Zimmermann<br \/>\nschatzmeister@loestije-donswieler.de<\/p>\n<hr \/>\n<p>Karte<\/p>\n<p><iframe loading=\"lazy\" style=\"border: 0;\" src=\"https:\/\/www.google.com\/maps\/embed?pb=!1m18!1m12!1m3!1d5026.347399725582!2d6.761891979087738!3d50.95749267626217!2m3!1f0!2f0!3f0!3m2!1i1024!2i768!4f13.1!3m3!1m2!1s0x47bf39958abf3e81%3A0xaf8d38558a405c1d!2sDansweiler%2C+50259+Pulheim!5e0!3m2!1sde!2sde!4v1462884153315\" width=\"600\" height=\"450\" frameborder=\"0\" allowfullscreen=\"allowfullscreen\"><\/iframe><\/p>\n","protected":false},"excerpt":{"rendered":"<p>Gesch\u00e4ftsstelle KG L\u00f6stije Donswieler von 1984 e.V. Friedenstr. 4 50259 Pulheim Tel. 02234-2058385 info@loestije-donswieler.de Pr\u00e4sident Bernd Engels praesident@loestije-donswieler.de Gesch\u00e4ftsf\u00fchrer Marcel Burtscheidt geschaeftsfuehrer@loestije-donswieler.de Schriftf\u00fchrerin Natalie Schubert schriftfuehrer@loestije-donswieler.de Schatzmeister Dirk Zimmermann schatzmeister@loestije-donswieler.de Karte<\/p>\n","protected":false},"author":1,"featured_media":0,"parent":0,"menu_order":0,"comment_status":"closed","ping_status":"closed","template":"","meta":{"footnotes":""},"jetpack_sharing_enabled":true,"_links":{"self":[{"href":"http:\/\/blog.loestije-donswieler.de\/index.php?rest_route=\/wp\/v2\/pages\/147"}],"collection":[{"href":"http:\/\/blog.loestije-donswieler.de\/index.php?rest_route=\/wp\/v2\/pages"}],"about":[{"href":"http:\/\/blog.loestije-donswieler.de\/index.php?rest_route=\/wp\/v2\/types\/page"}],"author":[{"embeddable":true,"href":"http:\/\/blog.loestije-donswieler.de\/index.php?rest_route=\/wp\/v2\/users\/1"}],"replies":[{"embeddable":true,"href":"http:\/\/blog.loestije-donswieler.de\/index.php?rest_route=%2Fwp%2Fv2%2Fcomments&post=147"}],"version-history":[{"count":10,"href":"http:\/\/blog.loestije-donswieler.de\/index.php?rest_route=\/wp\/v2\/pages\/147\/revisions"}],"predecessor-version":[{"id":1317,"href":"http:\/\/blog.loestije-donswieler.de\/index.php?rest_route=\/wp\/v2\/pages\/147\/revisions\/1317"}],"wp:attachment":[{"href":"http:\/\/blog.loestije-donswieler.de\/index.php?rest_route=%2Fwp%2Fv2%2Fmedia&parent=147"}],"curies":[{"name":"wp","href":"https:\/\/api.w.org\/{rel}","templated":true}]}}