{"id":145,"date":"2016-05-10T11:25:58","date_gmt":"2016-05-10T11:25:58","guid":{"rendered":"http:\/\/blog.loestije-donswieler.de\/?page_id=145"},"modified":"2021-03-15T16:16:32","modified_gmt":"2021-03-15T16:16:32","slug":"kirche","status":"publish","type":"page","link":"http:\/\/blog.loestije-donswieler.de\/?page_id=145","title":{"rendered":"Kirche"},"content":{"rendered":"<hr \/>\n<p class=\"Normal\"><span class=\"C-4\">Entstehung und Bau der <a id=\"DansweilerKirche\"><\/a>Dansweiler Kirche in den Jahren 1952\/1953<\/span><\/p>\n<p class=\"Normal\"><img loading=\"lazy\" decoding=\"async\" class=\"size-full wp-image-499 alignleft\" src=\"http:\/\/blog.loestije-donswieler.de\/wp-content\/uploads\/2015\/10\/wp0b74593b_05_06.jpg\" alt=\"wp0b74593b_05_06\" width=\"263\" height=\"175\" \/><\/p>\n<p class=\"Normal\"><span class=\"C-6\">Auszug aus einem Pfarrbrief, anl\u00e4sslich zum 25-j\u00e4hrigen Weihejubil\u00e4um der Dansweiler Kirche im Jahre 1978, geschrieben von dem damaligen Priester Hans Erpenbach:<\/span><\/p>\n<p>Der Gedanke ein Gotteshaus zu erbauen, reicht zur\u00fcck in die Zeit vor dem ersten Weltkrieg. Tr\u00e4ger der Idee war die in Dansweiler ans\u00e4ssige Familie Scheer. Vater Scheer hinterlie\u00df seinen Kindern gewisserma\u00dfen das Verm\u00e4chtnis, f\u00fcr Den Bau einer Kapelle zu sorgen. W\u00e4hrend des 2. Weltkrieges erhielt der Gedanke neue Impulse. Ereignisse des Lichtmesstages 1943, an dem die Pfarrgemeinde Brauweiler im Gegensatz zu umliegenden Orten von Bomben verschont blieb, lie\u00dfen den Ratschluss reifen, die Kirche der K\u00f6nigin des Friedens zu weihen. Die Nachkriegszeit verursachte etliche Schwierigkeiten den Bau der Kirche voranzutreiben. Erst im Jahre 1951 erhielt der Bauwille neuen Auftrieb durch die Geschwister Scheer. Sie erkl\u00e4rten sich bereit, das Grundst\u00fcck f\u00fcr den Bau zu erwerben und den Rohbau zu finanzieren. Die Dioz\u00f6se erkl\u00e4rte zun\u00e4chst, keine finanziellen Zusch\u00fcsse gew\u00e4hren zu k\u00f6nnen. Da die Pfarrgemeinde durch die Restaurierung der kriegsbesch\u00e4digten Abteikirche finanziell sehr belastet war, wurde auch hier keine Hilfe in Aussicht gestellt. Die Ortschaft war somit auf sich alleine angewiesen. Die Begeisterung der Gl\u00e4ubigen war so gro\u00df, dass trotzdem auf Inangriffnahme des Vorhabens gedr\u00e4ngt wurde. Es wurde ein Kirchenbauverein gegr\u00fcndet, der unter Vorsitz von Franz Wenzeler durch monatliche Sammlungen f\u00fcr die Restfinanzierung Sorge trug.<\/p>\n<p>Die Geschwister Scheer bezahlten den gesamten Rohbau bis zum Dach. Sie erwarben das Grundst\u00fcck und kauften aus Tr\u00fcmmergrundst\u00fccken Ziegelsteine und finanzierten den Kauf der Blendziegel. Freiwillige Helfer aus dem ganzen Dorf leisteten st\u00e4ndig Hilfsarbeiten. Eine besondere Rolle spielten dabei die Pension\u00e4re, die unerm\u00fcdlich bei den Ausschachtungs- und Fundamentarbeiten halfen. Auch die Jugendgruppen leisteten st\u00e4ndig ihren Arbeitsbeitrag. Nicht vergessen werden darf die aktive Mitarbeit aller Dorfvereine, insbesondere des M\u00e4nnergesangvereins, des Tambourcorps und des Sportvereins. Die monatlichen Sammlungen, wurden im wesentlichen von Frauen durchgef\u00fchrt. Dadurch kamen erhebliche Summen zusammen, so dass der Bau z\u00fcgig durchgef\u00fchrt werden konnte. Schlie\u00dflich legte auch das Generalvikariat eine kleine Beihilfe dazu.<\/p>\n<p>Abgesehen von dieser Beihilfe haben die Geschwister Scheer und die Bev\u00f6lkerung des Ortes den Bau und die Einrichtung bis hin zu den Paramenten und Ger\u00e4ten alleine finanziert. &#8211; soweit Auszug aus dem Pfarrbrief von Hans Erpenbach &#8211;<\/p>\n<p>Am 4. Oktober 1953 wurde das kath. Gotteshaus \u201eSt. Maria K\u00f6nigin des Friedens\u201c durch Weihbischof Dr. Cleven eingeweiht. Daher ist auch jedes Jahr am 1. Sonntag im Oktober Dansweiler Kirchweihfest (Kirmes).<\/p>\n<p>Seit dem 1. Januar 1975 geh\u00f6rt Dansweiler zur Gro\u00dfgemeinde Pulheim. Willi Mevis war der erste B\u00fcrgermeister der Stadt Pulheim. Er setzte sich u.a. vehement f\u00fcr den Bau der Dansweiler Mehrzweckhalle ein, die im Jahre 1984 erbaut wurde und bereits im Januar 1985 f\u00fcr die ersten Sitzungen genutzt werden konnte<span class=\"C-5\">.<\/span><\/p>\n<hr \/>\n<p><span style=\"color: #33cccc;\"><em>Die Texte sind Ausz\u00fcge aus den Jahrb\u00fcchern \u201ePulheimer Beitr\u00e4ge zur Geschichte und Heimatkunde\u201c sowie einem Buch von Peter Schreiner \u00fcber Alte Ansichtskarten aus den Orten der Stadt Pulheim und ihrem Umland. Herausgeber: Verein f\u00fcr Geschichte u. Heimatkunde e.V. Adamistr. 9, 50259 Pulheim-Brauweiler. Wer sich f\u00fcr die Geschichte der Abtei Brauweiler und weitere Beitr\u00e4ge \u00fcber die Umgebung interessiert, kann diesem Verein beitreten. Informationen k\u00f6nnen Sie bei der Kreissparkasse und der Raiffeisenbank Brauweiler, sowie in Pulheimer Buchhandlungen und bei der Abtei Brauweiler kostenlos erhalten. Ausz\u00fcge wurden zusammengestellt von Marlene Lorscheidt, Helenenstr. 12, 50259 Pulheim Dansweiler.<\/em><\/span><\/p>\n","protected":false},"excerpt":{"rendered":"<p>Entstehung und Bau der Dansweiler Kirche in den Jahren 1952\/1953 Auszug aus einem Pfarrbrief, anl\u00e4sslich zum 25-j\u00e4hrigen Weihejubil\u00e4um der Dansweiler Kirche im Jahre 1978, geschrieben von dem damaligen Priester Hans Erpenbach: Der Gedanke ein Gotteshaus zu erbauen, reicht zur\u00fcck in <a class=\"more-link\" href=\"http:\/\/blog.loestije-donswieler.de\/?page_id=145\"><span class=\"screen-reader-text\">  Kirche<\/span> weiterlesen<span class=\"meta-nav\">&rarr;<\/span><\/a><\/p>\n","protected":false},"author":1,"featured_media":0,"parent":140,"menu_order":0,"comment_status":"closed","ping_status":"closed","template":"","meta":{"footnotes":""},"jetpack_sharing_enabled":true,"_links":{"self":[{"href":"http:\/\/blog.loestije-donswieler.de\/index.php?rest_route=\/wp\/v2\/pages\/145"}],"collection":[{"href":"http:\/\/blog.loestije-donswieler.de\/index.php?rest_route=\/wp\/v2\/pages"}],"about":[{"href":"http:\/\/blog.loestije-donswieler.de\/index.php?rest_route=\/wp\/v2\/types\/page"}],"author":[{"embeddable":true,"href":"http:\/\/blog.loestije-donswieler.de\/index.php?rest_route=\/wp\/v2\/users\/1"}],"replies":[{"embeddable":true,"href":"http:\/\/blog.loestije-donswieler.de\/index.php?rest_route=%2Fwp%2Fv2%2Fcomments&post=145"}],"version-history":[{"count":4,"href":"http:\/\/blog.loestije-donswieler.de\/index.php?rest_route=\/wp\/v2\/pages\/145\/revisions"}],"predecessor-version":[{"id":507,"href":"http:\/\/blog.loestije-donswieler.de\/index.php?rest_route=\/wp\/v2\/pages\/145\/revisions\/507"}],"up":[{"embeddable":true,"href":"http:\/\/blog.loestije-donswieler.de\/index.php?rest_route=\/wp\/v2\/pages\/140"}],"wp:attachment":[{"href":"http:\/\/blog.loestije-donswieler.de\/index.php?rest_route=%2Fwp%2Fv2%2Fmedia&parent=145"}],"curies":[{"name":"wp","href":"https:\/\/api.w.org\/{rel}","templated":true}]}}