{"id":140,"date":"2016-05-10T11:23:20","date_gmt":"2016-05-10T11:23:20","guid":{"rendered":"http:\/\/blog.loestije-donswieler.de\/?page_id=140"},"modified":"2021-03-15T16:16:32","modified_gmt":"2021-03-15T16:16:32","slug":"dansweiler","status":"publish","type":"page","link":"http:\/\/blog.loestije-donswieler.de\/?page_id=140","title":{"rendered":"Dansweiler"},"content":{"rendered":"<p><img loading=\"lazy\" decoding=\"async\" class=\"wp-image-498 size-full aligncenter\" src=\"http:\/\/blog.loestije-donswieler.de\/wp-content\/uploads\/2015\/10\/wp0e5f0af8_06.png\" alt=\"wp0e5f0af8_06\" width=\"900\" height=\"256\" srcset=\"http:\/\/blog.loestije-donswieler.de\/wp-content\/uploads\/2015\/10\/wp0e5f0af8_06.png 900w, http:\/\/blog.loestije-donswieler.de\/wp-content\/uploads\/2015\/10\/wp0e5f0af8_06-300x85.png 300w, http:\/\/blog.loestije-donswieler.de\/wp-content\/uploads\/2015\/10\/wp0e5f0af8_06-768x218.png 768w\" sizes=\"(max-width: 900px) 100vw, 900px\" \/><\/p>\n<p>Dansweiler grenzt im Osten an Brauweiler, geh\u00f6rt zur Stadt Pulheim (Rhein-Erft-Kreis) und liegt westlich von K\u00f6ln. Der Ort bildet baulich eine Einheit mit Brauweiler. Im S\u00fcden grenzt Dansweiler an K\u00f6nigsdorf und im Norden die Ortschaft Glessen.<\/p>\n<p>Der Ort grenzt an Brauweiler mit seiner ehemaligen Benediktinerabtei. W\u00e4hrend des Zweiten Weltkrieges dienten die Geb\u00e4ude auf dem Klostergel\u00e4nde 1933 bis 1934 als Konzentrationslager und danach bis 1945 als Gestapo-Gef\u00e4ngnis, in dem u.a. Konrad Adenauer inhaftiert war. Heute: Gedenkst\u00e4tte. Dar\u00fcber hinaus befindet sich in Brauweiler eine der wichtigsten Schaltzentralen (RWE) zur Steuerung des europ\u00e4ischen Hochspannungsnetzes.<\/p>\n<hr \/>\n<h4><img loading=\"lazy\" decoding=\"async\" class=\"size-full wp-image-494 alignleft\" src=\"http:\/\/blog.loestije-donswieler.de\/wp-content\/uploads\/2015\/10\/wp953d9714_06.png\" alt=\"wp953d9714_06\" width=\"195\" height=\"290\" \/>Fakten<\/h4>\n<p>Einwohnerzahlen: 2.956 (Stand 30. Juni 2010)<br \/>\nKoordinaten: 50\u00b0 57\u2032 27.03\u2033 N, 6\u00b0 45\u2032 52.46\u2033 E \/ 50.957508\u00b0, 6.764574\u00b0<br \/>\nH\u00f6he: ca. 80-90m \u00fc. NN<\/p>\n","protected":false},"excerpt":{"rendered":"<p>Dansweiler grenzt im Osten an Brauweiler, geh\u00f6rt zur Stadt Pulheim (Rhein-Erft-Kreis) und liegt westlich von K\u00f6ln. Der Ort bildet baulich eine Einheit mit Brauweiler. Im S\u00fcden grenzt Dansweiler an K\u00f6nigsdorf und im Norden die Ortschaft Glessen. Der Ort grenzt an <a class=\"more-link\" href=\"http:\/\/blog.loestije-donswieler.de\/?page_id=140\"><span class=\"screen-reader-text\">  Dansweiler<\/span> weiterlesen<span class=\"meta-nav\">&rarr;<\/span><\/a><\/p>\n","protected":false},"author":1,"featured_media":0,"parent":0,"menu_order":0,"comment_status":"closed","ping_status":"closed","template":"","meta":{"footnotes":""},"jetpack_sharing_enabled":true,"_links":{"self":[{"href":"http:\/\/blog.loestije-donswieler.de\/index.php?rest_route=\/wp\/v2\/pages\/140"}],"collection":[{"href":"http:\/\/blog.loestije-donswieler.de\/index.php?rest_route=\/wp\/v2\/pages"}],"about":[{"href":"http:\/\/blog.loestije-donswieler.de\/index.php?rest_route=\/wp\/v2\/types\/page"}],"author":[{"embeddable":true,"href":"http:\/\/blog.loestije-donswieler.de\/index.php?rest_route=\/wp\/v2\/users\/1"}],"replies":[{"embeddable":true,"href":"http:\/\/blog.loestije-donswieler.de\/index.php?rest_route=%2Fwp%2Fv2%2Fcomments&post=140"}],"version-history":[{"count":4,"href":"http:\/\/blog.loestije-donswieler.de\/index.php?rest_route=\/wp\/v2\/pages\/140\/revisions"}],"predecessor-version":[{"id":509,"href":"http:\/\/blog.loestije-donswieler.de\/index.php?rest_route=\/wp\/v2\/pages\/140\/revisions\/509"}],"wp:attachment":[{"href":"http:\/\/blog.loestije-donswieler.de\/index.php?rest_route=%2Fwp%2Fv2%2Fmedia&parent=140"}],"curies":[{"name":"wp","href":"https:\/\/api.w.org\/{rel}","templated":true}]}}