{"id":136,"date":"2016-05-10T11:21:51","date_gmt":"2016-05-10T11:21:51","guid":{"rendered":"http:\/\/blog.loestije-donswieler.de\/?page_id=136"},"modified":"2024-11-05T08:17:43","modified_gmt":"2024-11-05T07:17:43","slug":"ausfluege","status":"publish","type":"page","link":"http:\/\/blog.loestije-donswieler.de\/?page_id=136","title":{"rendered":"Ausfl\u00fcge"},"content":{"rendered":"<p class=\"Normal\"><span class=\"C-5\">1986<br \/>\nEifel-Wanderung, entlang der r\u00f6m. Wasserleitung und Grillen im Pescher Wald,<\/span><span class=\"C-5\">\u00a0anschl. gem\u00fctl. Beisammensein in M\u00fcnstereifel\/Steinsm\u00fchle (Fu\u00dfball- WM)<br \/>\n<\/span><span class=\"C-5\">&#8211; im Herbst \u00a0Besichtigung des K\u00f6ln-Bonner Flughafen<\/span><\/p>\n<p class=\"Normal\"><span class=\"C-5\">1987<br \/>\nR\u00f6merstadt Xanten<\/span><\/p>\n<p class=\"Normal\"><span class=\"C-5\">1988<br \/>\nGrillfest a. d. Hof der Familie Schoelkens (Tombola &#8211; \u00a01. Preis 4 Tage Berlin)<\/span><\/p>\n<p class=\"Normal\"><span class=\"C-5\">1989<br \/>\nBrunnenfest Bad Kreuznach u. Fahrt n. R\u00fcdesheim<\/span><\/p>\n<p class=\"Normal\"><span class=\"C-5\">1990<br \/>\nPlanwagenfahrt im Berg. Land<\/span><\/p>\n<p class=\"Normal\"><span class=\"C-5\">1991<br \/>\nSommerfest mit Grillen im Landhaus Ville<\/span><\/p>\n<p class=\"Normal\"><span class=\"C-5\">1992<br \/>\nSommerfest in Dansweiler am TC &#8211; Heim mit Live-Musik \u201eLiz &amp; Oskar\u201c<\/span><\/p>\n<p class=\"Normal\"><span class=\"C-5\">1993<br \/>\nBesichtigung der DOM &#8211; Brauerei<\/span><\/p>\n<p class=\"Normal\"><span class=\"C-5\">1994<br \/>\nJazz \u2013 Fr\u00fchschoppen im MGV<br \/>\n<\/span><span class=\"C-5\">&#8211; Gr\u00fcndungsfeier im Vereinslokal<br \/>\n<\/span><span class=\"C-5\">&#8211; PRAG &#8211; Reise<\/span><\/p>\n<p class=\"Normal\"><span class=\"C-5\">1995<br \/>\nTanz in den Mai i.d. Mehrzweckhalle (Tombola \u00a01. Preis Fahrrad)<\/span><\/p>\n<p class=\"Normal\"><span class=\"C-5\">1996<br \/>\nFahrt ins Blaue (Wanderung Kakush\u00f6hle und Picknick im Freien),\u00a0<\/span><span class=\"C-5\">mit Essen u. Ausklang im Burgkeller von Bad M\u00fcnstereifel<\/span><\/p>\n<p class=\"Normal\"><span class=\"C-5\">1997<br \/>\nOldie-Party \/Tennishalle Widdersdorf<\/span><\/p>\n<p class=\"Normal\"><span class=\"C-5\">1998<br \/>\nRad- und Wandertour zur Tennishalle Widdersdorf mit Grillabend<\/span><\/p>\n<p class=\"Normal\"><span class=\"C-5\">1999<br \/>\nK\u00f6lsch \u2013 Millj\u00f6 \u2013 Abend im DOM &#8211; Brauhaus<\/span><\/p>\n<p class=\"Normal\"><span class=\"C-5\">2000<br \/>\nGrillfest auf dem Gest\u00fct \u201eGut Villehof\u201c \u2013 beim Mitglied Bernhard Harf<\/span><\/p>\n<p class=\"Normal\"><span class=\"C-5\">2001<br \/>\nStadtrundfahrt K\u00f6ln, anschl. Grillen im Tennisclub<\/span><\/p>\n<p class=\"Normal\"><span class=\"C-5\">2002<br \/>\nSommerfest auf dem Gel\u00e4nde der Mitglieder u. Firma Asam &amp; Rolf Kegler<\/span><\/p>\n<p class=\"Normal\"><span class=\"C-5\">2004<br \/>\nFahrt in die idyllische Nordeifel und Station in Monschau mit Stadtrundfahrt<\/span><\/p>\n<p class=\"Normal\"><span class=\"C-5\">2005<br \/>\nK\u00f6lsch \u2013 Millj\u00f6 \u2013 Abend im K\u00fcppersbrau-Haus<\/span><\/p>\n<p class=\"Normal\"><span class=\"C-5\">2006<br \/>\nFahrt ins Blaue (Freilichtmuseum Kommern \/Ausstellung \u201eWir Rheinl\u00e4nder\u201c\u201c),\u00a0<\/span><span class=\"C-5\">mit Wanderung und Ausklang in Bad M\u00fcnstereifel<\/span><\/p>\n<p class=\"Normal\"><span class=\"C-5\">2007<br \/>\nGrillfest am Glessener Wald<\/span><\/p>\n<p class=\"Normal\"><span class=\"C-5\">2008<br \/>\nGrillfest RWE<\/span><\/p>\n<p class=\"Normal\"><span class=\"C-5\">2009<br \/>\nFr\u00fchlingsfest Schulgel\u00e4nde Dansweiler<\/span><\/p>\n<p class=\"Normal\"><span class=\"C-5\">2010<br \/>\n&#8211;<\/span><\/p>\n<p class=\"Normal\"><span class=\"C-5\">2011<br \/>\nAusflug an die Mosel<\/span><\/p>\n<p class=\"Normal\"><span class=\"C-5\">2012<br \/>\nGrillfest RWE<\/span><\/p>\n<p class=\"Normal\"><span class=\"C-5\">2013<br \/>\n1. Koppelfest in Glessen<\/span><\/p>\n<p class=\"Normal\"><span class=\"C-5\">2014<br \/>\n2. Koppelfest in Glessen<\/span><\/p>\n<p class=\"Normal\"><span class=\"C-5\">2015<br \/>\nJubil\u00e4umsausflug nach Linz am Rhein,<\/span><span class=\"C-5\">\u00a0mit abschlie\u00dfender Party in der Poststation K\u00f6ln-Bocklem\u00fcnd<\/span><\/p>\n<h6>2016<\/h6>\n<h6>3. Koppelfest in Glessen jetzt Traditionsfest<\/h6>\n<h6>\n2017<br \/>\n4. Koppelfest in Glessen<\/h6>\n<p>2018<br \/>\nJubil\u00e4umsausflug nach Altenberg-Odenthal<br \/>\nPlanwagenfahrt mit Besichtigung Strau\u00dfenfarm und K\u00e4serei sowie Grillabend<\/p>\n<p>2019<br \/>\nHoffest und Boule-Turnier in Dansweiler<\/p>\n<p>2020<br \/>\nCoronabedingt ausgefallen!<\/p>\n<p>2021<br \/>\nBiergarten-Treff<\/p>\n<p>2022<br \/>\nHoffest<\/p>\n<p>2023<br \/>\nMinigolf-Arena &#8220;Gut Clarenhof&#8221;<\/p>\n<p>2024<br \/>\nJubil\u00e4umsausflug Maastricht<\/p>\n","protected":false},"excerpt":{"rendered":"<p>1986 Eifel-Wanderung, entlang der r\u00f6m. Wasserleitung und Grillen im Pescher Wald,\u00a0anschl. gem\u00fctl. Beisammensein in M\u00fcnstereifel\/Steinsm\u00fchle (Fu\u00dfball- WM) &#8211; im Herbst \u00a0Besichtigung des K\u00f6ln-Bonner Flughafen 1987 R\u00f6merstadt Xanten 1988 Grillfest a. d. Hof der Familie Schoelkens (Tombola &#8211; \u00a01. Preis 4 <a class=\"more-link\" href=\"http:\/\/blog.loestije-donswieler.de\/?page_id=136\"><span class=\"screen-reader-text\">  Ausfl\u00fcge<\/span> weiterlesen<span class=\"meta-nav\">&rarr;<\/span><\/a><\/p>\n","protected":false},"author":1,"featured_media":0,"parent":19,"menu_order":0,"comment_status":"closed","ping_status":"closed","template":"","meta":{"footnotes":""},"jetpack_sharing_enabled":true,"_links":{"self":[{"href":"http:\/\/blog.loestije-donswieler.de\/index.php?rest_route=\/wp\/v2\/pages\/136"}],"collection":[{"href":"http:\/\/blog.loestije-donswieler.de\/index.php?rest_route=\/wp\/v2\/pages"}],"about":[{"href":"http:\/\/blog.loestije-donswieler.de\/index.php?rest_route=\/wp\/v2\/types\/page"}],"author":[{"embeddable":true,"href":"http:\/\/blog.loestije-donswieler.de\/index.php?rest_route=\/wp\/v2\/users\/1"}],"replies":[{"embeddable":true,"href":"http:\/\/blog.loestije-donswieler.de\/index.php?rest_route=%2Fwp%2Fv2%2Fcomments&post=136"}],"version-history":[{"count":8,"href":"http:\/\/blog.loestije-donswieler.de\/index.php?rest_route=\/wp\/v2\/pages\/136\/revisions"}],"predecessor-version":[{"id":1299,"href":"http:\/\/blog.loestije-donswieler.de\/index.php?rest_route=\/wp\/v2\/pages\/136\/revisions\/1299"}],"up":[{"embeddable":true,"href":"http:\/\/blog.loestije-donswieler.de\/index.php?rest_route=\/wp\/v2\/pages\/19"}],"wp:attachment":[{"href":"http:\/\/blog.loestije-donswieler.de\/index.php?rest_route=%2Fwp%2Fv2%2Fmedia&parent=136"}],"curies":[{"name":"wp","href":"https:\/\/api.w.org\/{rel}","templated":true}]}}