{"id":133,"date":"2016-05-10T10:35:58","date_gmt":"2016-05-10T10:35:58","guid":{"rendered":"http:\/\/blog.loestije-donswieler.de\/?page_id=133"},"modified":"2021-10-12T10:45:24","modified_gmt":"2021-10-12T10:45:24","slug":"motto","status":"publish","type":"page","link":"http:\/\/blog.loestije-donswieler.de\/?page_id=133","title":{"rendered":"Motto"},"content":{"rendered":"<p class=\"Normal\"><span class=\"C-4\">1985 \u00a0\u00a0\u00a0Donswieler Thiater, wie et wor, wie et es und wie et weed.<\/span><\/p>\n<p class=\"Normal\"><span class=\"C-4\">1986 \u00a0\u00a0\u00a0Us klein Fl\u00e4nzjer weede och B\u00e4um<\/span><\/p>\n<p class=\"Normal\"><span class=\"C-4\">1987 \u00a0\u00a0\u00a0Rund \u00f6m de Pump d\u2019r neueste Klaaf, Donswieler Alaaf<\/span><\/p>\n<p class=\"Normal\"><span class=\"C-4\">1988 \u00a0\u00a0\u00a0Donswieler es zwar Land, \u00e4vver singe Karneval is stadtbekannt.<\/span><\/p>\n<p class=\"Normal\"><span class=\"C-4\">1989 \u00a0\u00a0\u00a0Ob alt, ob jung, d\u00e4 Donswieler Karneval h\u00e4lt alle en Schwung.<\/span><\/p>\n<p class=\"Normal\"><span class=\"C-4\">1990 \u00a0\u00a0\u00a0Donswieler wi et singt und lacht &#8211; unser Karneval es en Pracht.<\/span><\/p>\n<p class=\"Normal\"><span class=\"C-4\">1991 \u00a0\u00a0\u00a0Ob dr\u00fcsch, ob na\u00df \u2013 em Donswieler Karneval han se all vill Spa\u00df<\/span><\/p>\n<p class=\"Normal\"><span class=\"C-4\">1992 \u00a0\u00a0\u00a0Dat wor knapp, zwei hatte mer, drei brohte mer.<\/span><\/p>\n<p class=\"Normal\"><span class=\"C-4\">1993 \u00a0\u00a0Unser Dorf soll sch\u00f6ner werden.<\/span><\/p>\n<p class=\"Normal\"><span class=\"C-4\">1994 \u00a0\u00a0Karneval anno dazumal \u2013 mer fiere international.<\/span><\/p>\n<p class=\"Normal\"><span class=\"C-4\">1995 \u00a0\u00a0\u00a0Met Hipp un Hopp \u2013 mer fiere wie ne Dillendopp.<\/span><\/p>\n<p class=\"Normal\"><span class=\"C-4\">1996 \u00a0\u00a0Ist das Leben \u00f6d un leer , dann kutt all nom Donswieler Fasteleer.<\/span><\/p>\n<p class=\"Normal\"><span class=\"C-4\">1997 \u00a0\u00a0Das 1. Mal vor 33 Jahr \u2013 und heut wieder ein Jugend-Paar<\/span><\/p>\n<p class=\"Normal\"><span class=\"C-4\">1998 \u00a0\u00a0Erlebnispark \u201eAn der Maar\u201c \u2013 Tag und Nacht ge\u00f6ffnet.<\/span><\/p>\n<p class=\"Normal\"><span class=\"C-4\">1999 \u00a0\u00a0Euro statt Mark \u2013 Alaaf bliev stark. \u00a0<\/span><\/p>\n<p class=\"Normal\"><span class=\"C-4\">2000 \u00a0\u00a0L\u00f6stich und sausend en et neue Jahrtausend.<\/span><\/p>\n<p class=\"Normal\"><span class=\"C-4\">2001 \u00a0\u00a0Ob met oder ohne DGD \u2013 mer L\u00f6stije fiere och 2001 wie eh und je.<\/span><\/p>\n<p class=\"Normal\"><span class=\"C-4\">2002 \u00a0\u00a0Et k\u00fctt wie et k\u00fctt, l\u00f6stich es der Hit.<\/span><\/p>\n<p class=\"Normal\"><span class=\"C-4\">2003 \u00a0\u00a0Im Wandel der Zeit<\/span><\/p>\n<p class=\"Normal\"><span class=\"C-4\">2004 \u00a0\u00a020 Jahre KG L\u00f6stije Donswieler.<\/span><\/p>\n<p class=\"Normal\"><span class=\"C-4\">2005 \u00a0\u00a0Donswieler Originale<\/span><\/p>\n<p class=\"Normal\"><span class=\"C-4\">2006 \u00a0\u00a022 Johr KG L\u00f6stije Donswieler<\/span><\/p>\n<p class=\"Normal\"><span class=\"C-4\">2007 \u00a0\u00a0Mer k\u00fcnne nix dof\u00f6r, de Politik m\u00e4t dat Fiere d\u00f6r.<\/span><\/p>\n<p class=\"Normal\"><span class=\"C-4\">2008 \u00a0\u00a0Es de Session och noch su koot, en Donswieler fiere alle Vereine Fastelovend jot.<\/span><\/p>\n<p class=\"Normal\"><span class=\"C-4\">2009 \u00a0\u00a0Weed d\u2019r Sprit och immer d\u00f6rer, mer fiere Fastelovend su wie fr\u00f6her<\/span><\/p>\n<p class=\"Normal\"><span class=\"C-4\">2010 \u00a0\u00a0Met Durchblick \u2013 Euro \u2013 Energie, fiere mer in Donswieler wie noch nie<\/span><\/p>\n<p class=\"Normal\"><span class=\"C-4\">2011 \u00a0\u00a0Met de P\u00e4nz an de Spetz \u2013 es der Donswieler Fastelovend jeretz\u201c<\/span><\/p>\n<p class=\"Normal\"><span class=\"C-4\">2012 \u00a0\u00a0Met ne Pappnas die Jecke durch Donswieler trecke<\/span><\/p>\n<p class=\"Normal\"><span class=\"C-4\">2013 \u00a0\u00a0Met Rhythmus em Blot fiere mer jot!<\/span><\/p>\n<p class=\"Normal\"><span class=\"C-4\">2014 \u00a0\u00a0V\u00fcr der Zokunf es uns nit bang, Mer trecke all an einem Strang<\/span><\/p>\n<p class=\"Normal\"><span class=\"C-4\">2015 \u00a0\u00a030 Johre KG datt es doll mer han de Nas noch lang nit voll<\/span><\/p>\n<p class=\"Normal\"><span class=\"C-4\">2016 \u00a0\u00a0Bei de L\u00f6stije jeiht et rund, knatschjeck un kunterbunt<\/span><\/p>\n<p class=\"Normal\">2017\u00a0\u00a0 Fastelovend es d`r Hit, de L\u00f6stije P\u00e4nz fiere met<\/p>\n<p>2018 \u00a0 33 Jahr dobei, mer Danze mem Dreigesteen us d&#8217;r Reih<\/p>\n<p>2019 \u00a0 L\u00f6stije Donswieler Jecke muss du nit wecke<\/p>\n<p>2020 \u00a0 Uns H\u00e4tte schlage rut un wie\u00df<\/p>\n<p>2021 \u00a0 Nit lametiere de L\u00f6stije wolle fiere<\/p>\n<p>2022 \u00a0\u00a0<span style=\"color: #333333;\">Et weed Zick, Fastelovend widder im Blick<\/span><\/p>\n\n\n<p><\/p>\n","protected":false},"excerpt":{"rendered":"<p>1985 \u00a0\u00a0\u00a0Donswieler Thiater, wie et wor, wie et es und wie et weed. 1986 \u00a0\u00a0\u00a0Us klein Fl\u00e4nzjer weede och B\u00e4um 1987 \u00a0\u00a0\u00a0Rund \u00f6m de Pump d\u2019r neueste Klaaf, Donswieler Alaaf 1988 \u00a0\u00a0\u00a0Donswieler es zwar Land, \u00e4vver singe Karneval is stadtbekannt. <a class=\"more-link\" href=\"http:\/\/blog.loestije-donswieler.de\/?page_id=133\"><span class=\"screen-reader-text\">  Motto<\/span> weiterlesen<span class=\"meta-nav\">&rarr;<\/span><\/a><\/p>\n","protected":false},"author":1,"featured_media":0,"parent":19,"menu_order":0,"comment_status":"closed","ping_status":"closed","template":"","meta":{"footnotes":""},"jetpack_sharing_enabled":true,"_links":{"self":[{"href":"http:\/\/blog.loestije-donswieler.de\/index.php?rest_route=\/wp\/v2\/pages\/133"}],"collection":[{"href":"http:\/\/blog.loestije-donswieler.de\/index.php?rest_route=\/wp\/v2\/pages"}],"about":[{"href":"http:\/\/blog.loestije-donswieler.de\/index.php?rest_route=\/wp\/v2\/types\/page"}],"author":[{"embeddable":true,"href":"http:\/\/blog.loestije-donswieler.de\/index.php?rest_route=\/wp\/v2\/users\/1"}],"replies":[{"embeddable":true,"href":"http:\/\/blog.loestije-donswieler.de\/index.php?rest_route=%2Fwp%2Fv2%2Fcomments&post=133"}],"version-history":[{"count":4,"href":"http:\/\/blog.loestije-donswieler.de\/index.php?rest_route=\/wp\/v2\/pages\/133\/revisions"}],"predecessor-version":[{"id":1100,"href":"http:\/\/blog.loestije-donswieler.de\/index.php?rest_route=\/wp\/v2\/pages\/133\/revisions\/1100"}],"up":[{"embeddable":true,"href":"http:\/\/blog.loestije-donswieler.de\/index.php?rest_route=\/wp\/v2\/pages\/19"}],"wp:attachment":[{"href":"http:\/\/blog.loestije-donswieler.de\/index.php?rest_route=%2Fwp%2Fv2%2Fmedia&parent=133"}],"curies":[{"name":"wp","href":"https:\/\/api.w.org\/{rel}","templated":true}]}}