{"id":129,"date":"2016-05-10T10:34:22","date_gmt":"2016-05-10T10:34:22","guid":{"rendered":"http:\/\/blog.loestije-donswieler.de\/?page_id=129"},"modified":"2024-10-14T08:26:49","modified_gmt":"2024-10-14T06:26:49","slug":"senat","status":"publish","type":"page","link":"http:\/\/blog.loestije-donswieler.de\/?page_id=129","title":{"rendered":"Senat"},"content":{"rendered":"<div id=\"txt_114\" class=\"OBJ-10\">\n<hr \/>\n<\/div>\n<div id=\"txt_117\">\n<div style=\"text-align: center;\">Nach den bisherigen Feierlichkeiten zum diesj\u00e4hrigen, 40-j\u00e4hrigen Jubil\u00e4um, der KG L\u00f6stije Donswieler von 1984 e.V., hatte sich der bisherige Senatspr\u00e4sident Achim Jakumeit nicht mehr zur Wiederwahl gestellt.<\/div>\n<div style=\"text-align: center;\">In gemeinsamer Runde haben sich die Senatsmitglieder des Vereins, die als F\u00f6rdermitglieder und Unterst\u00fctzer des Brauchtums Karneval Ihre Hauptaufgaben sehen, sich getroffen um \u00fcber die Nachfolger des Senatspr\u00e4sidiums zu entscheiden.<\/div>\n<div style=\"text-align: center;\">Als Senatspr\u00e4sident wurde Manfred Bulik, der bisherige Senats-Vize, gew\u00e4ht.<\/div>\n<div style=\"text-align: center;\">F\u00fcr das Amt des stellvertretenden Senatspr\u00e4sidenten, wurde Ralph B\u00f6merich neu gew\u00e4hlt.<\/div>\n<div style=\"text-align: center;\">Gemeinsam mit allen Senatoren, wollen die Beiden neue Aktivit\u00e4ten und Projekte angehen. Auch Kontakte zu anderen Vereinen und Senaten, sollen intensiviert werden.<\/div>\n<\/div>\n<div><span class=\"\" style=\"display:block;clear:both;height: 0px;padding-top: 20px;border-top-width:0px;border-bottom-width:0px;\"><\/span><\/div>\n<div><span class=\"\" style=\"display:block;clear:both;height: 0px;padding-top: 20px;border-top-width:0px;border-bottom-width:0px;\"><\/span><\/div>\n<div style=\"text-align: center;\"><strong>Kontaktanfragen richten Sie bitte an <a href=\"mailto:senat@loestije-donswieler.de\">senat@loestije-donswieler.de<\/a><\/strong><\/div>\n<div id=\"txt_117\">\n<hr \/>\n<h4 style=\"text-align: center;\"><span style=\"text-decoration: underline;\">Senatspr\u00e4sident<\/span><\/h4>\n<p style=\"text-align: center;\"><img loading=\"lazy\" decoding=\"async\" class=\"size-full wp-image-1210 aligncenter\" src=\"http:\/\/blog.loestije-donswieler.de\/wp-content\/uploads\/2024\/07\/Manfred.jpeg\" alt=\"\" width=\"480\" height=\"516\" srcset=\"http:\/\/blog.loestije-donswieler.de\/wp-content\/uploads\/2024\/07\/Manfred.jpeg 480w, http:\/\/blog.loestije-donswieler.de\/wp-content\/uploads\/2024\/07\/Manfred-279x300.jpeg 279w\" sizes=\"(max-width: 480px) 100vw, 480px\" \/> Manfred Bulik<\/p>\n<h4 style=\"text-align: center;\"><span style=\"text-decoration: underline;\">Vizesenatspr\u00e4sident<\/span><\/h4>\n<p><img loading=\"lazy\" decoding=\"async\" class=\"size-full wp-image-1211 aligncenter\" src=\"http:\/\/blog.loestije-donswieler.de\/wp-content\/uploads\/2024\/07\/Ralph.jpeg\" alt=\"\" width=\"480\" height=\"552\" srcset=\"http:\/\/blog.loestije-donswieler.de\/wp-content\/uploads\/2024\/07\/Ralph.jpeg 480w, http:\/\/blog.loestije-donswieler.de\/wp-content\/uploads\/2024\/07\/Ralph-261x300.jpeg 261w\" sizes=\"(max-width: 480px) 100vw, 480px\" \/><\/p>\n<p style=\"text-align: center;\">Ralph B\u00f6merich<\/p>\n<h4 style=\"text-align: center;\"><span style=\"text-decoration: underline;\">Ehrensenatoren<\/span><\/h4>\n<p style=\"text-align: center;\">Gerhard Badziong*<br \/>\nDiethard Fey<br \/>\nWilly Lorscheidt*<br \/>\nGottfried Jonkheer *<\/p>\n<hr \/>\n<h4 style=\"text-align: center;\"><span style=\"text-decoration: underline;\">Senatsmitglieder<\/span><\/h4>\n<p><img loading=\"lazy\" decoding=\"async\" class=\"size-full wp-image-1209 aligncenter\" src=\"http:\/\/blog.loestije-donswieler.de\/wp-content\/uploads\/2024\/07\/1C63B932-16B1-4A47-B926-51B02EF366EA.jpeg\" alt=\"\" width=\"480\" height=\"640\" srcset=\"http:\/\/blog.loestije-donswieler.de\/wp-content\/uploads\/2024\/07\/1C63B932-16B1-4A47-B926-51B02EF366EA.jpeg 480w, http:\/\/blog.loestije-donswieler.de\/wp-content\/uploads\/2024\/07\/1C63B932-16B1-4A47-B926-51B02EF366EA-225x300.jpeg 225w\" sizes=\"(max-width: 480px) 100vw, 480px\" \/><\/p>\n<p style=\"text-align: center;\">Frank Br\u00f6se<br \/>\nBernd Engels<br \/>\nFrank Flohr<br \/>\nAchim Jakumeit<br \/>\nWalter Lugt<br \/>\nWilfried Nelles<br \/>\nNorbert Ritter<br \/>\nBernd Spohr<\/p>\n<p style=\"text-align: center;\">* verstorben<\/p>\n<\/div>\n","protected":false},"excerpt":{"rendered":"<p>Nach den bisherigen Feierlichkeiten zum diesj\u00e4hrigen, 40-j\u00e4hrigen Jubil\u00e4um, der KG L\u00f6stije Donswieler von 1984 e.V., hatte sich der bisherige Senatspr\u00e4sident Achim Jakumeit nicht mehr zur Wiederwahl gestellt. In gemeinsamer Runde haben sich die Senatsmitglieder des Vereins, die als F\u00f6rdermitglieder und <a class=\"more-link\" href=\"http:\/\/blog.loestije-donswieler.de\/?page_id=129\"><span class=\"screen-reader-text\">  Senat<\/span> weiterlesen<span class=\"meta-nav\">&rarr;<\/span><\/a><\/p>\n","protected":false},"author":1,"featured_media":0,"parent":19,"menu_order":0,"comment_status":"closed","ping_status":"closed","template":"","meta":{"footnotes":""},"jetpack_sharing_enabled":true,"_links":{"self":[{"href":"http:\/\/blog.loestije-donswieler.de\/index.php?rest_route=\/wp\/v2\/pages\/129"}],"collection":[{"href":"http:\/\/blog.loestije-donswieler.de\/index.php?rest_route=\/wp\/v2\/pages"}],"about":[{"href":"http:\/\/blog.loestije-donswieler.de\/index.php?rest_route=\/wp\/v2\/types\/page"}],"author":[{"embeddable":true,"href":"http:\/\/blog.loestije-donswieler.de\/index.php?rest_route=\/wp\/v2\/users\/1"}],"replies":[{"embeddable":true,"href":"http:\/\/blog.loestije-donswieler.de\/index.php?rest_route=%2Fwp%2Fv2%2Fcomments&post=129"}],"version-history":[{"count":16,"href":"http:\/\/blog.loestije-donswieler.de\/index.php?rest_route=\/wp\/v2\/pages\/129\/revisions"}],"predecessor-version":[{"id":1288,"href":"http:\/\/blog.loestije-donswieler.de\/index.php?rest_route=\/wp\/v2\/pages\/129\/revisions\/1288"}],"up":[{"embeddable":true,"href":"http:\/\/blog.loestije-donswieler.de\/index.php?rest_route=\/wp\/v2\/pages\/19"}],"wp:attachment":[{"href":"http:\/\/blog.loestije-donswieler.de\/index.php?rest_route=%2Fwp%2Fv2%2Fmedia&parent=129"}],"curies":[{"name":"wp","href":"https:\/\/api.w.org\/{rel}","templated":true}]}}